{"id":204,"date":"2022-12-12T20:32:36","date_gmt":"2022-12-12T20:32:36","guid":{"rendered":"https:\/\/museodelpirata.bocadelrio.gob.mx\/?page_id=204"},"modified":"2022-12-13T17:20:13","modified_gmt":"2022-12-13T17:20:13","slug":"galeria-de-arte-2","status":"publish","type":"page","link":"https:\/\/museodelpirata.bocadelrio.gob.mx\/?page_id=204","title":{"rendered":"Galer\u00eda de Arte"},"content":{"rendered":"<p>[et_pb_section fb_built=\u00bb1&#8243; fullwidth=\u00bbon\u00bb admin_label=\u00bbHeader\u00bb _builder_version=\u00bb4.19.2&#8243; background_image=\u00bbhttps:\/\/museodelpirata.bocadelrio.gob.mx\/wp-content\/uploads\/2022\/12\/GALERIA-DE-ARTE-scaled.jpg\u00bb parallax=\u00bbon\u00bb custom_padding=\u00bb|||\u00bb animation_style=\u00bbslide\u00bb animation_direction=\u00bbtop\u00bb animation_intensity_slide=\u00bb2%\u00bb global_colors_info=\u00bb{}\u00bb][et_pb_fullwidth_header title=\u00bbGaler\u00eda de Arte\u00bb subhead=\u00bb@ET-DC@eyJkeW5hbWljIjp0cnVlLCJjb250ZW50Ijoic2l0ZV90YWdsaW5lIiwic2V0dGluZ3MiOnsiYmVmb3JlIjoiIiwiYWZ0ZXIiOiIifX0=@\u00bb background_overlay_color=\u00bbrgba(255,255,255,0.6)\u00bb content_max_width=\u00bb700px\u00bb button_two_text_tablet=\u00bb\u00bb button_two_text_phone=\u00bb\u00bb button_two_text_last_edited=\u00bbon|phone\u00bb content_max_width_tablet=\u00bb100%\u00bb content_max_width_phone=\u00bb\u00bb content_max_width_last_edited=\u00bbon|desktop\u00bb _builder_version=\u00bb4.19.2&#8243; _dynamic_attributes=\u00bbsubhead\u00bb title_font=\u00bbMerienda One|300|||||||\u00bb title_text_align=\u00bbleft\u00bb title_text_color=\u00bb#000000&#8243; title_font_size=\u00bb60px\u00bb title_line_height=\u00bb1.4em\u00bb content_font=\u00bbMerienda One||||||||\u00bb content_text_align=\u00bbjustify\u00bb content_text_color=\u00bb#000000&#8243; content_font_size=\u00bb18px\u00bb content_line_height=\u00bb1.8em\u00bb subhead_font=\u00bbMerienda One||on||||||\u00bb subhead_font_size=\u00bb20px\u00bb subhead_line_height=\u00bb1.8em\u00bb background_color=\u00bbrgba(255,255,255,0.3)\u00bb background_image=\u00bbhttps:\/\/museodelpirata.bocadelrio.gob.mx\/wp-content\/uploads\/2022\/12\/dots-3.png\u00bb custom_button_one=\u00bbon\u00bb button_one_text_size=\u00bb14px\u00bb button_one_text_color=\u00bb#ffffff\u00bb button_one_bg_color=\u00bb#8300e9&#8243; button_one_bg_color_gradient_direction=\u00bb90deg\u00bb button_one_bg_color_gradient_stops=\u00bb#d883f8 0%|#352DBE 100%\u00bb button_one_bg_color_gradient_start=\u00bb#d883f8&#8243; button_one_bg_color_gradient_end=\u00bb#352DBE\u00bb button_one_border_width=\u00bb10px\u00bb button_one_border_color=\u00bbrgba(0,0,0,0)\u00bb button_one_border_radius=\u00bb100px\u00bb button_one_letter_spacing=\u00bb3px\u00bb button_one_font=\u00bbRoboto|700||on|||||\u00bb custom_button_two=\u00bbon\u00bb button_two_text_size=\u00bb14px\u00bb button_two_text_color=\u00bb#ffffff\u00bb button_two_bg_color=\u00bb#06c8ff\u00bb button_two_border_width=\u00bb10px\u00bb button_two_border_color=\u00bbrgba(0,0,0,0)\u00bb button_two_border_radius=\u00bb100px\u00bb button_two_letter_spacing=\u00bb3px\u00bb button_two_font=\u00bbRoboto|700||on|||||\u00bb background_layout=\u00bblight\u00bb custom_margin=\u00bb||||false\u00bb custom_padding=\u00bb12vw||12vw||true\u00bb custom_padding_tablet=\u00bb250px||250px||true\u00bb custom_padding_last_edited=\u00bboff|desktop\u00bb hover_enabled=\u00bb0&#8243; title_text_align_tablet=\u00bbleft\u00bb title_text_align_phone=\u00bbleft\u00bb title_text_align_last_edited=\u00bbon|phone\u00bb title_font_size_tablet=\u00bb40px\u00bb title_font_size_phone=\u00bb33px\u00bb title_font_size_last_edited=\u00bbon|phone\u00bb button_one_text_color_hover=\u00bb#ffffff\u00bb button_two_text_color_hover=\u00bb#ffffff\u00bb button_one_letter_spacing_hover=\u00bb3px\u00bb button_two_letter_spacing_hover=\u00bb3px\u00bb global_colors_info=\u00bb{}\u00bb button_one_text_size__hover_enabled=\u00bboff\u00bb button_two_text_size__hover_enabled=\u00bboff\u00bb button_one_text_color__hover_enabled=\u00bbon\u00bb button_one_text_color__hover=\u00bb#ffffff\u00bb button_two_text_color__hover_enabled=\u00bbon\u00bb button_two_text_color__hover=\u00bb#ffffff\u00bb button_one_border_width__hover_enabled=\u00bboff\u00bb button_two_border_width__hover_enabled=\u00bboff\u00bb button_one_border_color__hover_enabled=\u00bboff\u00bb button_two_border_color__hover_enabled=\u00bboff\u00bb button_one_border_radius__hover_enabled=\u00bboff\u00bb button_two_border_radius__hover_enabled=\u00bboff\u00bb button_one_letter_spacing__hover_enabled=\u00bbon\u00bb button_one_letter_spacing__hover=\u00bb3px\u00bb button_two_letter_spacing__hover_enabled=\u00bbon\u00bb button_two_letter_spacing__hover=\u00bb3px\u00bb button_one_bg_color__hover_enabled=\u00bboff\u00bb button_two_bg_color__hover_enabled=\u00bboff\u00bb sticky_enabled=\u00bb0&#8243; title_letter_spacing=\u00bb1px\u00bb subhead_font_size_last_edited=\u00bbon|phone\u00bb subhead_font_size_phone=\u00bb15px\u00bb content_font_size_last_edited=\u00bbon|phone\u00bb content_font_size_phone=\u00bb14px\u00bb subhead_font_size_tablet=\u00bb20px\u00bb content_font_size_tablet=\u00bb18px\u00bb]<\/p>\n<p>&nbsp;<\/p>\n<p style=\"text-align: justify;\">En la galer\u00eda de arte podr\u00e1s admirar diferentes obras, dentro de las cuales se encuentra el grabado en Plata de la <em>\u201c<\/em><span><em>Battaglia navale nel porto di San Juan de Ul\u00faa 1568\u201d <\/em><\/span><span>el cual relata la batalla de John Hawking y Francis Drake en 1568. Tambien disfrutar\u00e1s de un recorrido con 12 pinturas al \u00f3leo, acr\u00edlico e hilorama <\/span><span>que<\/span> describen acontecimientos importantes del ataque de Laurens de Graaf a la ciudad Amurallada de Nueva Veracruz en 1683.<\/p>\n<p>[\/et_pb_fullwidth_header][\/et_pb_section][et_pb_section fb_built=\u00bb1&#8243; _builder_version=\u00bb4.19.2&#8243; _module_preset=\u00bbdefault\u00bb background_color=\u00bb#000000&#8243; module_alignment=\u00bbcenter\u00bb custom_padding=\u00bb3px||3px|||\u00bb global_module=\u00bb190&#8243; saved_tabs=\u00bball\u00bb global_colors_info=\u00bb{}\u00bb][et_pb_row column_structure=\u00bb1_3,1_3,1_3&#8243; _builder_version=\u00bb4.19.2&#8243; _module_preset=\u00bbdefault\u00bb width=\u00bb96%\u00bb max_width=\u00bb1699px\u00bb module_alignment=\u00bbcenter\u00bb min_height=\u00bb321.8px\u00bb custom_margin=\u00bb|-49px||13px||\u00bb custom_padding=\u00bb||0px|||\u00bb global_colors_info=\u00bb{}\u00bb][et_pb_column type=\u00bb1_3&#8243; _builder_version=\u00bb4.19.2&#8243; _module_preset=\u00bbdefault\u00bb global_colors_info=\u00bb{}\u00bb][et_pb_text _builder_version=\u00bb4.19.2&#8243; _module_preset=\u00bbdefault\u00bb text_font=\u00bbMerienda One||||||||\u00bb text_font_size=\u00bb28px\u00bb text_line_height=\u00bb1.8em\u00bb background_enable_color=\u00bboff\u00bb text_orientation=\u00bbcenter\u00bb module_alignment=\u00bbcenter\u00bb min_height=\u00bb37.6px\u00bb custom_margin=\u00bb23px||23px||true|false\u00bb text_font_size_tablet=\u00bb\u00bb text_font_size_phone=\u00bb25px\u00bb text_font_size_last_edited=\u00bbon|phone\u00bb global_colors_info=\u00bb{}\u00bb]<\/p>\n<p style=\"text-align: center;\"><strong><span style=\"color: #ffffff;\">Cont\u00e1ctanos<\/span><\/strong><\/p>\n<p>[\/et_pb_text][et_pb_text _builder_version=\u00bb4.19.2&#8243; _module_preset=\u00bbdefault\u00bb text_font=\u00bbMerienda One||||||||\u00bb text_font_size=\u00bb20px\u00bb text_line_height=\u00bb1.8em\u00bb background_enable_color=\u00bboff\u00bb text_orientation=\u00bbcenter\u00bb module_alignment=\u00bbcenter\u00bb min_height=\u00bb38.2px\u00bb custom_margin=\u00bb6px||6px||true|false\u00bb text_font_size_tablet=\u00bb\u00bb text_font_size_phone=\u00bb17px\u00bb text_font_size_last_edited=\u00bbon|phone\u00bb global_colors_info=\u00bb{}\u00bb]<\/p>\n<p style=\"text-align: center;\"><span style=\"color: #ffffff;\">(229) &#8211; 202 &#8211; 2222 ext: 1400<\/span><\/p>\n<p style=\"text-align: center;\"><span style=\"color: #ffffff;\">Correo: museos@bocadelrio.gob.mx<\/span><\/p>\n<p>[\/et_pb_text][\/et_pb_column][et_pb_column type=\u00bb1_3&#8243; _builder_version=\u00bb4.19.2&#8243; _module_preset=\u00bbdefault\u00bb background_color=\u00bb#DFB758&#8243; global_colors_info=\u00bb{}\u00bb][et_pb_image src=\u00bbhttps:\/\/museodelpirata.bocadelrio.gob.mx\/wp-content\/uploads\/2022\/12\/LOGO-MUSEO-PIRATA-VERSIONES_NEGRO.png\u00bb title_text=\u00bbLOGO MUSEO PIRATA VERSIONES_NEGRO\u00bb align=\u00bbcenter\u00bb _builder_version=\u00bb4.19.2&#8243; _module_preset=\u00bbdefault\u00bb width=\u00bb90%\u00bb module_alignment=\u00bbcenter\u00bb min_height=\u00bb360.5px\u00bb custom_margin=\u00bb|2px||-8px||\u00bb custom_padding=\u00bb|0px||||\u00bb border_color_all=\u00bbRGBA(255,255,255,0)\u00bb global_colors_info=\u00bb{}\u00bb][\/et_pb_image][\/et_pb_column][et_pb_column type=\u00bb1_3&#8243; _builder_version=\u00bb4.19.2&#8243; _module_preset=\u00bbdefault\u00bb custom_padding=\u00bb|0px||15px|false|false\u00bb global_colors_info=\u00bb{}\u00bb][et_pb_text _builder_version=\u00bb4.19.2&#8243; _module_preset=\u00bbdefault\u00bb text_font=\u00bbMerienda One||||||||\u00bb text_font_size=\u00bb28px\u00bb text_line_height=\u00bb1.8em\u00bb background_enable_color=\u00bboff\u00bb text_orientation=\u00bbcenter\u00bb module_alignment=\u00bbcenter\u00bb custom_margin=\u00bb14px|29px|14px|0px|true|false\u00bb custom_padding=\u00bb0px||0px|0px|true|false\u00bb text_font_size_tablet=\u00bb\u00bb text_font_size_phone=\u00bb25px\u00bb text_font_size_last_edited=\u00bbon|phone\u00bb global_colors_info=\u00bb{}\u00bb]<\/p>\n<p style=\"text-align: center;\"><strong><span style=\"color: #ffffff;\">Vis\u00edtanos<\/span><\/strong><\/p>\n<p>[\/et_pb_text][et_pb_text _builder_version=\u00bb4.19.2&#8243; _module_preset=\u00bbdefault\u00bb text_font=\u00bbMerienda One||||||||\u00bb text_font_size=\u00bb20px\u00bb text_line_height=\u00bb1.8em\u00bb background_enable_color=\u00bboff\u00bb text_orientation=\u00bbcenter\u00bb module_alignment=\u00bbcenter\u00bb custom_margin=\u00bb17px|29px|17px|0px|true|false\u00bb custom_padding=\u00bb0px||0px|0px|true|false\u00bb text_font_size_tablet=\u00bb\u00bb text_font_size_phone=\u00bb17px\u00bb text_font_size_last_edited=\u00bbon|phone\u00bb global_colors_info=\u00bb{}\u00bb]<\/p>\n<p style=\"text-align: center;\"><span style=\"color: #ffffff;\"><strong>Martes a viernes<\/strong>: de 11am a 5pm<\/span><\/p>\n<p style=\"text-align: center;\"><span style=\"color: #ffffff;\"><strong>S\u00e1bados y domingos: <\/strong>de 11am a 6 pm<\/span><\/p>\n<p style=\"text-align: center;\">[\/et_pb_text][\/et_pb_column][\/et_pb_row][\/et_pb_section]<\/p>\n","protected":false},"excerpt":{"rendered":"<p>&nbsp; En la galer\u00eda de arte podr\u00e1s admirar diferentes obras, dentro de las cuales se encuentra el grabado en Plata de la \u201cBattaglia navale nel porto di San Juan de Ul\u00faa 1568\u201d el cual relata la batalla de John Hawking y Francis Drake en 1568. Tambien disfrutar\u00e1s de un recorrido con 12 pinturas al \u00f3leo, [&hellip;]<\/p>\n","protected":false},"author":1,"featured_media":0,"parent":0,"menu_order":0,"comment_status":"closed","ping_status":"closed","template":"","meta":{"_et_pb_use_builder":"on","_et_pb_old_content":"","_et_gb_content_width":"","footnotes":""},"class_list":["post-204","page","type-page","status-publish","hentry"],"_links":{"self":[{"href":"https:\/\/museodelpirata.bocadelrio.gob.mx\/index.php?rest_route=\/wp\/v2\/pages\/204","targetHints":{"allow":["GET"]}}],"collection":[{"href":"https:\/\/museodelpirata.bocadelrio.gob.mx\/index.php?rest_route=\/wp\/v2\/pages"}],"about":[{"href":"https:\/\/museodelpirata.bocadelrio.gob.mx\/index.php?rest_route=\/wp\/v2\/types\/page"}],"author":[{"embeddable":true,"href":"https:\/\/museodelpirata.bocadelrio.gob.mx\/index.php?rest_route=\/wp\/v2\/users\/1"}],"replies":[{"embeddable":true,"href":"https:\/\/museodelpirata.bocadelrio.gob.mx\/index.php?rest_route=%2Fwp%2Fv2%2Fcomments&post=204"}],"version-history":[{"count":4,"href":"https:\/\/museodelpirata.bocadelrio.gob.mx\/index.php?rest_route=\/wp\/v2\/pages\/204\/revisions"}],"predecessor-version":[{"id":315,"href":"https:\/\/museodelpirata.bocadelrio.gob.mx\/index.php?rest_route=\/wp\/v2\/pages\/204\/revisions\/315"}],"wp:attachment":[{"href":"https:\/\/museodelpirata.bocadelrio.gob.mx\/index.php?rest_route=%2Fwp%2Fv2%2Fmedia&parent=204"}],"curies":[{"name":"wp","href":"https:\/\/api.w.org\/{rel}","templated":true}]}}